{"id":170,"date":"2013-08-11T19:06:15","date_gmt":"2013-08-11T19:06:15","guid":{"rendered":"http:\/\/localhost:8888\/test\/?page_id=520"},"modified":"2026-03-09T01:53:21","modified_gmt":"2026-03-09T01:53:21","slug":"sobre-nos","status":"publish","type":"page","link":"https:\/\/hookbr.com.br\/es\/sobre-nos\/","title":{"rendered":"SOBRE NOSOTROS"},"content":{"rendered":"<div class=\"banner has-hover has-video has-parallax\" id=\"banner-1151975873\">\n          <div class=\"banner-inner fill\">\n        <div class=\"banner-bg fill\" data-parallax=\"-3\" data-parallax-container=\".banner\" data-parallax-background>\n                        \t<div class=\"video-overlay no-click fill visible\"><\/div>\n\t<video class=\"video-bg fill visible\" preload playsinline autoplay muted loop>\n\t\t<source src=\"https:\/\/hookbr.com.br\/wp-content\/uploads\/2026\/03\/0_Man_Portrait_1920x1080.mp4\" type=\"video\/mp4\">\t<\/video>\n            <div class=\"overlay\"><\/div>            \n                    <\/div>\n\t\t\n        <div class=\"banner-layers container\">\n            <div class=\"fill banner-link\"><\/div>            \n\n   <div id=\"text-box-1142002706\" class=\"text-box banner-layer x50 md-x50 lg-x50 y80 md-y80 lg-y80 res-text\">\n                                <div class=\"text-box-content text dark\">\n              \n              <div class=\"text-inner text-center\">\n                  \n\n<h1 class=\"lead\">Qui\u00e9nes somos<\/h1>\n<p class=\"lead\">Hook Co. es una empresa de private label especializada en ropa urbana y de pesca. Desarrollamos piezas con identidad, calidad y acabado premium para marcas que buscan destacar, desde el concepto hasta la producci\u00f3n.<\/p>\n\n              <\/div>\n           <\/div>\n                            \n<style>\n#text-box-1142002706 {\n  width: 60%;\n}\n#text-box-1142002706 .text-box-content {\n  font-size: 100%;\n}\n<\/style>\n    <\/div>\n \n\n        <\/div>\n      <\/div>\n\n            \n<style>\n#banner-1151975873 {\n  padding-top: 507px;\n}\n#banner-1151975873 .overlay {\n  background-color: rgba(0, 0, 0, 0.49);\n}\n<\/style>\n  <\/div>\n\n\n<div class=\"row\"  id=\"row-728854940\">\n\n\n\t<div id=\"col-446590876\" class=\"col small-12 large-12\"  >\n\t\t\t\t<div class=\"col-inner\"  >\n\t\t\t\n\t\t\t\n\n<p class=\"lead text-center\"><strong>Nosso processo<\/strong> Nuestro proceso es simple y completo: comenzamos con una conversaci\u00f3n para entender su idea y p\u00fablico, seguimos con la creaci\u00f3n del proyecto (modelado, elecci\u00f3n de tejidos y detalles), desarrollamos muestras para aprobaci\u00f3n y, con todo alineado, pasamos a la producci\u00f3n. Aqu\u00ed, cada etapa est\u00e1 pensada para entregar estilo, rendimiento y consistencia en toda la colecci\u00f3n.<\/p>\n<div class=\"text-center\"><div class=\"is-divider divider clearfix\" ><\/div><\/div>\n\n\n\t\t<\/div>\n\t\t\t\t\t<\/div>\n\n\t\n\n\t<div id=\"col-431232462\" class=\"col medium-3 small-12 large-3\"  >\n\t\t\t\t<div class=\"col-inner\"  >\n\t\t\t\n\t\t\t\n\n    <div class=\"box has-hover has-hover box-text-bottom\" >\n\n                  <div class=\"box-image\" style=\"width:80%;\">\n           <div class=\"box-image-inner image-cover\" style=\"border-radius:100%;padding-top:100%;\">\n              <img loading=\"lazy\" decoding=\"async\" width=\"1240\" height=\"1680\" src=\"https:\/\/hookbr.com.br\/wp-content\/uploads\/2026\/03\/giorgio.jpg\" class=\"attachment- size- wvs-archive-product-image\" alt=\"\" srcset=\"https:\/\/hookbr.com.br\/wp-content\/uploads\/2026\/03\/giorgio.jpg 1240w, https:\/\/hookbr.com.br\/wp-content\/uploads\/2026\/03\/giorgio-300x406.jpg 300w, https:\/\/hookbr.com.br\/wp-content\/uploads\/2026\/03\/giorgio-600x813.jpg 600w, https:\/\/hookbr.com.br\/wp-content\/uploads\/2026\/03\/giorgio-295x400.jpg 295w, https:\/\/hookbr.com.br\/wp-content\/uploads\/2026\/03\/giorgio-590x800.jpg 590w, https:\/\/hookbr.com.br\/wp-content\/uploads\/2026\/03\/giorgio-768x1041.jpg 768w, https:\/\/hookbr.com.br\/wp-content\/uploads\/2026\/03\/giorgio-1134x1536.jpg 1134w, https:\/\/hookbr.com.br\/wp-content\/uploads\/2026\/03\/giorgio-9x12.jpg 9w\" sizes=\"auto, (max-width: 1240px) 100vw, 1240px\" \/>                         <\/div>\n          <\/div>\n         \n          <div class=\"box-text text-center\" >\n                <div class=\"box-text-inner\">\n                  <h4 class=\"uppercase\">\n                    <span class=\"person-name\">Giorgio Armani<\/span><br\/>\n                    <span class=\"person-title is-small thin-font op-7\">\n                      CEO \/ Armani                    <\/span>\n                  <\/h4>\n\t\t\t\t\t<div class=\"social-icons follow-icons\" ><a href=\"#\" target=\"_blank\" data-label=\"Facebook\" class=\"icon button circle is-outline tooltip facebook\" title=\"S\u00edguenos en Facebook\" aria-label=\"S\u00edguenos en Facebook\" rel=\"noopener nofollow\"><i class=\"icon-facebook\" aria-hidden=\"true\"><\/i><\/a><a href=\"#\" data-label=\"Twitter\" target=\"_blank\" class=\"icon button circle is-outline tooltip twitter\" title=\"S\u00edguenos en Twitter\" aria-label=\"S\u00edguenos en Twitter\" rel=\"noopener nofollow\"><i class=\"icon-twitter\" aria-hidden=\"true\"><\/i><\/a><a href=\"mailto:#\" data-label=\"E-mail\" target=\"_blank\" class=\"icon button circle is-outline tooltip email\" title=\"Env\u00edanos un email\" aria-label=\"Env\u00edanos un email\" rel=\"nofollow noopener\"><i class=\"icon-envelop\" aria-hidden=\"true\"><\/i><\/a><a href=\"#\" data-label=\"Pinterest\" target=\"_blank\" class=\"icon button circle is-outline tooltip pinterest\" title=\"S\u00edguenos en Pinterest\" aria-label=\"S\u00edguenos en Pinterest\" rel=\"noopener nofollow\"><i class=\"icon-pinterest\" aria-hidden=\"true\"><\/i><\/a><a href=\"#\" data-label=\"LinkedIn\" target=\"_blank\" class=\"icon button circle is-outline tooltip linkedin\" title=\"S\u00edguenos en LinkedIn\" aria-label=\"S\u00edguenos en LinkedIn\" rel=\"noopener nofollow\"><i class=\"icon-linkedin\" aria-hidden=\"true\"><\/i><\/a><\/div>\n\n<p>\u201cEleg\u00e2ncia \u00e9 cortar o excesso at\u00e9 sobrar apenas o essencial.\u201d<\/p>\n\n                <\/div>\n          <\/div>\n    <\/div>\n\n\t\n    \n\n\t\t<\/div>\n\t\t\t\t\t<\/div>\n\n\t\n\n\t<div id=\"col-577454205\" class=\"col medium-3 small-12 large-3\"  >\n\t\t\t\t<div class=\"col-inner\"  >\n\t\t\t\n\t\t\t\n\n    <div class=\"box has-hover has-hover box-text-bottom\" >\n\n                  <div class=\"box-image\" style=\"width:80%;\">\n           <div class=\"box-image-inner image-cover\" style=\"border-radius:100%;padding-top:100%;\">\n              <img loading=\"lazy\" decoding=\"async\" width=\"416\" height=\"500\" src=\"https:\/\/hookbr.com.br\/wp-content\/uploads\/2026\/03\/Guccio_Gucci_c.1940.jpg\" class=\"attachment- size- wvs-archive-product-image\" alt=\"\" srcset=\"https:\/\/hookbr.com.br\/wp-content\/uploads\/2026\/03\/Guccio_Gucci_c.1940.jpg 416w, https:\/\/hookbr.com.br\/wp-content\/uploads\/2026\/03\/Guccio_Gucci_c.1940-300x361.jpg 300w, https:\/\/hookbr.com.br\/wp-content\/uploads\/2026\/03\/Guccio_Gucci_c.1940-333x400.jpg 333w, https:\/\/hookbr.com.br\/wp-content\/uploads\/2026\/03\/Guccio_Gucci_c.1940-10x12.jpg 10w\" sizes=\"auto, (max-width: 416px) 100vw, 416px\" \/>                         <\/div>\n          <\/div>\n         \n          <div class=\"box-text text-center\" >\n                <div class=\"box-text-inner\">\n                  <h4 class=\"uppercase\">\n                    <span class=\"person-name\">Guccio Gucci<\/span><br\/>\n                    <span class=\"person-title is-small thin-font op-7\">\n                      CEO \/ Gucci                    <\/span>\n                  <\/h4>\n\t\t\t\t\t<div class=\"social-icons follow-icons\" ><a href=\"#\" target=\"_blank\" data-label=\"Facebook\" class=\"icon button circle is-outline tooltip facebook\" title=\"S\u00edguenos en Facebook\" aria-label=\"S\u00edguenos en Facebook\" rel=\"noopener nofollow\"><i class=\"icon-facebook\" aria-hidden=\"true\"><\/i><\/a><a href=\"#\" data-label=\"Twitter\" target=\"_blank\" class=\"icon button circle is-outline tooltip twitter\" title=\"S\u00edguenos en Twitter\" aria-label=\"S\u00edguenos en Twitter\" rel=\"noopener nofollow\"><i class=\"icon-twitter\" aria-hidden=\"true\"><\/i><\/a><a href=\"mailto:#\" data-label=\"E-mail\" target=\"_blank\" class=\"icon button circle is-outline tooltip email\" title=\"Env\u00edanos un email\" aria-label=\"Env\u00edanos un email\" rel=\"nofollow noopener\"><i class=\"icon-envelop\" aria-hidden=\"true\"><\/i><\/a><a href=\"#\" data-label=\"Pinterest\" target=\"_blank\" class=\"icon button circle is-outline tooltip pinterest\" title=\"S\u00edguenos en Pinterest\" aria-label=\"S\u00edguenos en Pinterest\" rel=\"noopener nofollow\"><i class=\"icon-pinterest\" aria-hidden=\"true\"><\/i><\/a><a href=\"#\" data-label=\"LinkedIn\" target=\"_blank\" class=\"icon button circle is-outline tooltip linkedin\" title=\"S\u00edguenos en LinkedIn\" aria-label=\"S\u00edguenos en LinkedIn\" rel=\"noopener nofollow\"><i class=\"icon-linkedin\" aria-hidden=\"true\"><\/i><\/a><\/div>\n\n<p>\u201cLuxo n\u00e3o grita \u2014 ele se reconhece nos detalhes.\u201d<\/p>\n\n                <\/div>\n          <\/div>\n    <\/div>\n\n\t\n    \n\n\t\t<\/div>\n\t\t\t\t\t<\/div>\n\n\t\n\n\t<div id=\"col-42942723\" class=\"col medium-3 small-12 large-3\"  >\n\t\t\t\t<div class=\"col-inner\"  >\n\t\t\t\n\t\t\t\n\n    <div class=\"box has-hover has-hover box-text-bottom\" >\n\n                  <div class=\"box-image\" style=\"width:80%;\">\n           <div class=\"box-image-inner image-cover\" style=\"border-radius:100%;padding-top:100%;\">\n              <img loading=\"lazy\" decoding=\"async\" width=\"416\" height=\"416\" src=\"https:\/\/hookbr.com.br\/wp-content\/uploads\/2026\/03\/0x0.webp\" class=\"attachment- size- wvs-archive-product-image\" alt=\"\" srcset=\"https:\/\/hookbr.com.br\/wp-content\/uploads\/2026\/03\/0x0.webp 416w, https:\/\/hookbr.com.br\/wp-content\/uploads\/2026\/03\/0x0-300x300.webp 300w, https:\/\/hookbr.com.br\/wp-content\/uploads\/2026\/03\/0x0-100x100.webp 100w, https:\/\/hookbr.com.br\/wp-content\/uploads\/2026\/03\/0x0-400x400.webp 400w, https:\/\/hookbr.com.br\/wp-content\/uploads\/2026\/03\/0x0-280x280.webp 280w, https:\/\/hookbr.com.br\/wp-content\/uploads\/2026\/03\/0x0-12x12.webp 12w, https:\/\/hookbr.com.br\/wp-content\/uploads\/2026\/03\/0x0-50x50.webp 50w\" sizes=\"auto, (max-width: 416px) 100vw, 416px\" \/>                         <\/div>\n          <\/div>\n         \n          <div class=\"box-text text-center\" >\n                <div class=\"box-text-inner\">\n                  <h4 class=\"uppercase\">\n                    <span class=\"person-name\">Phil Knight<\/span><br\/>\n                    <span class=\"person-title is-small thin-font op-7\">\n                      CEO \/ Nike                    <\/span>\n                  <\/h4>\n\t\t\t\t\t<div class=\"social-icons follow-icons\" ><a href=\"#\" target=\"_blank\" data-label=\"Facebook\" class=\"icon button circle is-outline tooltip facebook\" title=\"S\u00edguenos en Facebook\" aria-label=\"S\u00edguenos en Facebook\" rel=\"noopener nofollow\"><i class=\"icon-facebook\" aria-hidden=\"true\"><\/i><\/a><a href=\"#\" data-label=\"Twitter\" target=\"_blank\" class=\"icon button circle is-outline tooltip twitter\" title=\"S\u00edguenos en Twitter\" aria-label=\"S\u00edguenos en Twitter\" rel=\"noopener nofollow\"><i class=\"icon-twitter\" aria-hidden=\"true\"><\/i><\/a><a href=\"mailto:#\" data-label=\"E-mail\" target=\"_blank\" class=\"icon button circle is-outline tooltip email\" title=\"Env\u00edanos un email\" aria-label=\"Env\u00edanos un email\" rel=\"nofollow noopener\"><i class=\"icon-envelop\" aria-hidden=\"true\"><\/i><\/a><a href=\"#\" data-label=\"Pinterest\" target=\"_blank\" class=\"icon button circle is-outline tooltip pinterest\" title=\"S\u00edguenos en Pinterest\" aria-label=\"S\u00edguenos en Pinterest\" rel=\"noopener nofollow\"><i class=\"icon-pinterest\" aria-hidden=\"true\"><\/i><\/a><a href=\"#\" data-label=\"LinkedIn\" target=\"_blank\" class=\"icon button circle is-outline tooltip linkedin\" title=\"S\u00edguenos en LinkedIn\" aria-label=\"S\u00edguenos en LinkedIn\" rel=\"noopener nofollow\"><i class=\"icon-linkedin\" aria-hidden=\"true\"><\/i><\/a><\/div>\n\n<p>\u201cIdeias s\u00f3 viram vit\u00f3ria quando voc\u00ea come\u00e7a antes de estar pronto.\u201d<\/p>\n\n                <\/div>\n          <\/div>\n    <\/div>\n\n\t\n    \n\n\t\t<\/div>\n\t\t\t\t\t<\/div>\n\n\t\n\n\t<div id=\"col-193659242\" class=\"col medium-3 small-12 large-3\"  >\n\t\t\t\t<div class=\"col-inner\"  >\n\t\t\t\n\t\t\t\n\n    <div class=\"box has-hover has-hover box-text-bottom\" >\n\n                  <div class=\"box-image\" style=\"width:80%;\">\n           <div class=\"box-image-inner image-cover\" style=\"border-radius:100%;padding-top:100%;\">\n              <img loading=\"lazy\" decoding=\"async\" width=\"336\" height=\"421\" src=\"https:\/\/hookbr.com.br\/wp-content\/uploads\/2026\/03\/20101206_1405246875.jpg\" class=\"attachment- size- wvs-archive-product-image\" alt=\"\" srcset=\"https:\/\/hookbr.com.br\/wp-content\/uploads\/2026\/03\/20101206_1405246875.jpg 336w, https:\/\/hookbr.com.br\/wp-content\/uploads\/2026\/03\/20101206_1405246875-300x376.jpg 300w, https:\/\/hookbr.com.br\/wp-content\/uploads\/2026\/03\/20101206_1405246875-319x400.jpg 319w, https:\/\/hookbr.com.br\/wp-content\/uploads\/2026\/03\/20101206_1405246875-10x12.jpg 10w\" sizes=\"auto, (max-width: 336px) 100vw, 336px\" \/>                         <\/div>\n          <\/div>\n         \n          <div class=\"box-text text-center\" >\n                <div class=\"box-text-inner\">\n                  <h4 class=\"uppercase\">\n                    <span class=\"person-name\">Gianni Versace<\/span><br\/>\n                    <span class=\"person-title is-small thin-font op-7\">\n                      CEO \/ Vercace                    <\/span>\n                  <\/h4>\n\t\t\t\t\t<div class=\"social-icons follow-icons\" ><a href=\"#\" target=\"_blank\" data-label=\"Facebook\" class=\"icon button circle is-outline tooltip facebook\" title=\"S\u00edguenos en Facebook\" aria-label=\"S\u00edguenos en Facebook\" rel=\"noopener nofollow\"><i class=\"icon-facebook\" aria-hidden=\"true\"><\/i><\/a><a href=\"#\" data-label=\"Twitter\" target=\"_blank\" class=\"icon button circle is-outline tooltip twitter\" title=\"S\u00edguenos en Twitter\" aria-label=\"S\u00edguenos en Twitter\" rel=\"noopener nofollow\"><i class=\"icon-twitter\" aria-hidden=\"true\"><\/i><\/a><a href=\"mailto:#\" data-label=\"E-mail\" target=\"_blank\" class=\"icon button circle is-outline tooltip email\" title=\"Env\u00edanos un email\" aria-label=\"Env\u00edanos un email\" rel=\"nofollow noopener\"><i class=\"icon-envelop\" aria-hidden=\"true\"><\/i><\/a><a href=\"#\" data-label=\"Pinterest\" target=\"_blank\" class=\"icon button circle is-outline tooltip pinterest\" title=\"S\u00edguenos en Pinterest\" aria-label=\"S\u00edguenos en Pinterest\" rel=\"noopener nofollow\"><i class=\"icon-pinterest\" aria-hidden=\"true\"><\/i><\/a><a href=\"#\" data-label=\"LinkedIn\" target=\"_blank\" class=\"icon button circle is-outline tooltip linkedin\" title=\"S\u00edguenos en LinkedIn\" aria-label=\"S\u00edguenos en LinkedIn\" rel=\"noopener nofollow\"><i class=\"icon-linkedin\" aria-hidden=\"true\"><\/i><\/a><\/div>\n\n<p>\u201cOusadia \u00e9 identidade: se vai aparecer, apare\u00e7a inesquec\u00edvel.\u201d<\/p>\n\n                <\/div>\n          <\/div>\n    <\/div>\n\n\t\n    \n\n\t\t<\/div>\n\t\t\t\t\t<\/div>\n\n\t\n\n<\/div>","protected":false},"excerpt":{"rendered":"","protected":false},"author":1,"featured_media":0,"parent":0,"menu_order":0,"comment_status":"closed","ping_status":"closed","template":"page-transparent-header.php","meta":{"footnotes":""},"class_list":["post-170","page","type-page","status-publish","hentry"],"_links":{"self":[{"href":"https:\/\/hookbr.com.br\/es\/wp-json\/wp\/v2\/pages\/170","targetHints":{"allow":["GET"]}}],"collection":[{"href":"https:\/\/hookbr.com.br\/es\/wp-json\/wp\/v2\/pages"}],"about":[{"href":"https:\/\/hookbr.com.br\/es\/wp-json\/wp\/v2\/types\/page"}],"author":[{"embeddable":true,"href":"https:\/\/hookbr.com.br\/es\/wp-json\/wp\/v2\/users\/1"}],"replies":[{"embeddable":true,"href":"https:\/\/hookbr.com.br\/es\/wp-json\/wp\/v2\/comments?post=170"}],"version-history":[{"count":10,"href":"https:\/\/hookbr.com.br\/es\/wp-json\/wp\/v2\/pages\/170\/revisions"}],"predecessor-version":[{"id":45206,"href":"https:\/\/hookbr.com.br\/es\/wp-json\/wp\/v2\/pages\/170\/revisions\/45206"}],"wp:attachment":[{"href":"https:\/\/hookbr.com.br\/es\/wp-json\/wp\/v2\/media?parent=170"}],"curies":[{"name":"wp","href":"https:\/\/api.w.org\/{rel}","templated":true}]}}